{"id":300,"date":"2020-10-16T01:51:04","date_gmt":"2020-10-16T01:51:04","guid":{"rendered":"http:\/\/findelostiempos.net\/?page_id=300"},"modified":"2022-02-06T14:02:23","modified_gmt":"2022-02-06T14:02:23","slug":"about","status":"publish","type":"page","link":"https:\/\/findelostiempos.net\/es\/about\/","title":{"rendered":"About"},"content":{"rendered":"<div data-elementor-type=\"wp-page\" data-elementor-id=\"300\" class=\"elementor elementor-300\" data-elementor-settings=\"[]\">\n\t\t\t\t\t\t<div class=\"elementor-inner\">\n\t\t\t\t\t\t\t<div class=\"elementor-section-wrap\">\n\t\t\t\t\t\t\t<section class=\"elementor-section elementor-top-section elementor-element elementor-element-949a1ac elementor-section-full_width elementor-section-height-default elementor-section-height-default\" data-id=\"949a1ac\" data-element_type=\"section\">\n\t\t\t\t\t\t<div class=\"elementor-container elementor-column-gap-default\">\n\t\t\t\t\t\t\t<div class=\"elementor-row\">\n\t\t\t\t\t<div class=\"elementor-column elementor-col-100 elementor-top-column elementor-element elementor-element-25aaf4b\" data-id=\"25aaf4b\" data-element_type=\"column\">\n\t\t\t<div class=\"elementor-column-wrap elementor-element-populated\">\n\t\t\t\t\t\t\t<div class=\"elementor-widget-wrap\">\n\t\t\t\t\t\t<div class=\"elementor-element elementor-element-f597148 elementor-widget elementor-widget-heading\" data-id=\"f597148\" data-element_type=\"widget\" data-widget_type=\"heading.default\">\n\t\t\t\t<div class=\"elementor-widget-container\">\n\t\t\t<h2 class=\"elementor-heading-title elementor-size-xxl\">esto es findelostiempos<\/h2>\t\t<\/div>\n\t\t\t\t<\/div>\n\t\t\t\t\t\t<\/div>\n\t\t\t\t\t<\/div>\n\t\t<\/div>\n\t\t\t\t\t\t\t\t<\/div>\n\t\t\t\t\t<\/div>\n\t\t<\/section>\n\t\t\t\t<section class=\"elementor-section elementor-top-section elementor-element elementor-element-6a761b7 elementor-section-boxed elementor-section-height-default elementor-section-height-default\" data-id=\"6a761b7\" data-element_type=\"section\">\n\t\t\t\t\t\t<div class=\"elementor-container elementor-column-gap-default\">\n\t\t\t\t\t\t\t<div class=\"elementor-row\">\n\t\t\t\t\t<div class=\"elementor-column elementor-col-100 elementor-top-column elementor-element elementor-element-5d17778\" data-id=\"5d17778\" data-element_type=\"column\">\n\t\t\t<div class=\"elementor-column-wrap elementor-element-populated\">\n\t\t\t\t\t\t\t<div class=\"elementor-widget-wrap\">\n\t\t\t\t\t\t<div class=\"elementor-element elementor-element-ff0bfbd elementor-widget elementor-widget-text-editor\" data-id=\"ff0bfbd\" data-element_type=\"widget\" data-widget_type=\"text-editor.default\">\n\t\t\t\t<div class=\"elementor-widget-container\">\n\t\t\t\t\t\t\t\t<div class=\"elementor-text-editor elementor-clearfix\">\n\t\t\t\t<p>findelostiempos es un proyecto creativo fundado en 2019 por Sebasti\u00e1n Mart\u00ednez. En su corta vida, el proyecto ha lanzado camisetas estampadas a mano, utilizando tanto serigraf\u00eda como linograbado, y una historia original publicada como zine. Nuestros proyectos futuros incluyen juegos, ilustraciones, y m\u00e1s camisetas con una serie de dise\u00f1os en evoluci\u00f3n constante.<\/p><p>Para ponerte en contacto con findelostiempos, por favor visita nuestra p\u00e1gina de contacto.<\/p>\t\t\t\t\t<\/div>\n\t\t\t\t\t\t<\/div>\n\t\t\t\t<\/div>\n\t\t\t\t\t\t<\/div>\n\t\t\t\t\t<\/div>\n\t\t<\/div>\n\t\t\t\t\t\t\t\t<\/div>\n\t\t\t\t\t<\/div>\n\t\t<\/section>\n\t\t\t\t\t\t<\/div>\n\t\t\t\t\t\t<\/div>\n\t\t\t\t\t<\/div>","protected":false},"excerpt":{"rendered":"<p>this is findelostiempos findelostiempos is a creative project founded in 2019 by Sebasti\u00e1n Mart\u00ednez. In its short life, the project has released hand printed shirts, using both silkscreen and linocut techniques, and an original short story published as a zine. Upcoming projects include games, illustrations, and more shirts with an ever evolving series of designs. [&hellip;]<\/p>","protected":false},"author":1,"featured_media":0,"parent":0,"menu_order":0,"comment_status":"closed","ping_status":"closed","template":"","meta":[],"_links":{"self":[{"href":"https:\/\/findelostiempos.net\/es\/wp-json\/wp\/v2\/pages\/300"}],"collection":[{"href":"https:\/\/findelostiempos.net\/es\/wp-json\/wp\/v2\/pages"}],"about":[{"href":"https:\/\/findelostiempos.net\/es\/wp-json\/wp\/v2\/types\/page"}],"author":[{"embeddable":true,"href":"https:\/\/findelostiempos.net\/es\/wp-json\/wp\/v2\/users\/1"}],"replies":[{"embeddable":true,"href":"https:\/\/findelostiempos.net\/es\/wp-json\/wp\/v2\/comments?post=300"}],"version-history":[{"count":9,"href":"https:\/\/findelostiempos.net\/es\/wp-json\/wp\/v2\/pages\/300\/revisions"}],"predecessor-version":[{"id":739,"href":"https:\/\/findelostiempos.net\/es\/wp-json\/wp\/v2\/pages\/300\/revisions\/739"}],"wp:attachment":[{"href":"https:\/\/findelostiempos.net\/es\/wp-json\/wp\/v2\/media?parent=300"}],"curies":[{"name":"wp","href":"https:\/\/api.w.org\/{rel}","templated":true}]}}